{"id":5010,"date":"2021-05-16T16:53:52","date_gmt":"2021-05-16T04:53:52","guid":{"rendered":"https:\/\/xaviervidalworld.com\/?page_id=5010"},"modified":"2024-03-05T23:58:13","modified_gmt":"2024-03-05T10:58:13","slug":"biografia","status":"publish","type":"page","link":"https:\/\/xaviervidalworld.com\/?page_id=5010","title":{"rendered":"BIOGRAF\u00cdA"},"content":{"rendered":"\t\t<div data-elementor-type=\"wp-page\" data-elementor-id=\"5010\" class=\"elementor elementor-5010\">\n\t\t\t\t\t\t<section class=\"elementor-section elementor-top-section elementor-element elementor-element-59ee44ba elementor-section-boxed elementor-section-height-default elementor-section-height-default\" data-id=\"59ee44ba\" data-element_type=\"section\" data-e-type=\"section\">\n\t\t\t\t\t\t<div class=\"elementor-container elementor-column-gap-default\">\n\t\t\t\t\t<div class=\"elementor-column elementor-col-100 elementor-top-column elementor-element elementor-element-12e7d27b\" data-id=\"12e7d27b\" data-element_type=\"column\" data-e-type=\"column\">\n\t\t\t<div class=\"elementor-widget-wrap elementor-element-populated\">\n\t\t\t\t\t\t<div class=\"elementor-element elementor-element-fbed3bb elementor-widget elementor-widget-heading\" data-id=\"fbed3bb\" data-element_type=\"widget\" data-e-type=\"widget\" data-widget_type=\"heading.default\">\n\t\t\t\t<div class=\"elementor-widget-container\">\n\t\t\t\t\t<h2 class=\"elementor-heading-title elementor-size-default\"><b>XAVIER VIDAL<\/b><\/h2>\t\t\t\t<\/div>\n\t\t\t\t<\/div>\n\t\t\t\t<div class=\"elementor-element elementor-element-3d9b298 elementor-widget elementor-widget-heading\" data-id=\"3d9b298\" data-element_type=\"widget\" data-e-type=\"widget\" data-widget_type=\"heading.default\">\n\t\t\t\t<div class=\"elementor-widget-container\">\n\t\t\t\t\t<h2 class=\"elementor-heading-title elementor-size-default\">Compositor y Novelista<\/h2>\t\t\t\t<\/div>\n\t\t\t\t<\/div>\n\t\t\t\t<div class=\"elementor-element elementor-element-fca7a36 elementor-widget elementor-widget-image\" data-id=\"fca7a36\" data-element_type=\"widget\" data-e-type=\"widget\" data-widget_type=\"image.default\">\n\t\t\t\t<div class=\"elementor-widget-container\">\n\t\t\t\t\t\t\t\t\t\t\t\t\t\t\t<img data-recalc-dims=\"1\" decoding=\"async\" src=\"https:\/\/i0.wp.com\/xaviervidalworld.com\/wp-content\/uploads\/elementor\/thumbs\/IMG_9182-scaled-pa0dcc8xrsx8pzn3jfw25l493jbvntn0e427wrqsqs.jpg?ssl=1\" title=\"IMG_9182\" alt=\"IMG_9182\" loading=\"lazy\" \/>\t\t\t\t\t\t\t\t\t\t\t\t\t\t\t<\/div>\n\t\t\t\t<\/div>\n\t\t\t\t<div class=\"elementor-element elementor-element-1e09bb9 elementor-widget elementor-widget-heading\" data-id=\"1e09bb9\" data-element_type=\"widget\" data-e-type=\"widget\" data-widget_type=\"heading.default\">\n\t\t\t\t<div class=\"elementor-widget-container\">\n\t\t\t\t\t<h2 class=\"elementor-heading-title elementor-size-default\">BREVE BIOGRAF\u00cdA<\/h2>\t\t\t\t<\/div>\n\t\t\t\t<\/div>\n\t\t\t\t<section class=\"elementor-section elementor-inner-section elementor-element elementor-element-a5aa17e elementor-section-boxed elementor-section-height-default elementor-section-height-default\" data-id=\"a5aa17e\" data-element_type=\"section\" data-e-type=\"section\">\n\t\t\t\t\t\t<div class=\"elementor-container elementor-column-gap-default\">\n\t\t\t\t\t<div class=\"elementor-column elementor-col-100 elementor-inner-column elementor-element elementor-element-1079a7c\" data-id=\"1079a7c\" data-element_type=\"column\" data-e-type=\"column\">\n\t\t\t<div class=\"elementor-widget-wrap\">\n\t\t\t\t\t\t\t<\/div>\n\t\t<\/div>\n\t\t\t\t\t<\/div>\n\t\t<\/section>\n\t\t\t\t<section class=\"elementor-section elementor-inner-section elementor-element elementor-element-7ce25fd elementor-section-boxed elementor-section-height-default elementor-section-height-default\" data-id=\"7ce25fd\" data-element_type=\"section\" data-e-type=\"section\">\n\t\t\t\t\t\t<div class=\"elementor-container elementor-column-gap-default\">\n\t\t\t\t\t<div class=\"elementor-column elementor-col-100 elementor-inner-column elementor-element elementor-element-8707331\" data-id=\"8707331\" data-element_type=\"column\" data-e-type=\"column\">\n\t\t\t<div class=\"elementor-widget-wrap elementor-element-populated\">\n\t\t\t\t\t\t<div class=\"elementor-element elementor-element-366a779 elementor-drop-cap-yes elementor-drop-cap-view-default elementor-widget elementor-widget-text-editor\" data-id=\"366a779\" data-element_type=\"widget\" data-e-type=\"widget\" data-settings=\"{&quot;drop_cap&quot;:&quot;yes&quot;}\" data-widget_type=\"text-editor.default\">\n\t\t\t\t<div class=\"elementor-widget-container\">\n\t\t\t\t\t\t\t\t\t<p style=\"font-weight: 400; text-align: left;\">Nacido y criado en la maravillosa y eterna Barcelona (soy un catal\u00e1n), hace unos a\u00f1os me mud\u00e9 al Paraiso, a la increiblemente hermosa Nueva Zelanda, donde resido con mi familia (ahora tambi\u00e9n soy un orgulloso Kiwi)<\/p><p style=\"font-weight: 400; text-align: left;\">En mi juventud me gradu\u00e9 como m\u00e9dico, gan\u00e9 una beca Fubright para estudiar en los EEUU y all\u00ed obtuve dos Masters en la Universidad de Harvard.\u00a0 M\u00e1s tarde, trabaj\u00e9 como Director General en varias empresas multinacionales de biotecnolog\u00eda y en agencias internacionales de publicidad en Salud, trabajando en proyectos por todo el mundo.<\/p><p>Pero durante toda mi vida, la M\u00fasica y la Literatura han sido siempre mis pasiones, mis fieles compa\u00f1eras de viaje.\u00a0<\/p>\t\t\t\t\t\t\t\t<\/div>\n\t\t\t\t<\/div>\n\t\t\t\t<div class=\"elementor-element elementor-element-3a66677 elementor-widget-divider--view-line elementor-widget elementor-widget-divider\" data-id=\"3a66677\" data-element_type=\"widget\" data-e-type=\"widget\" data-widget_type=\"divider.default\">\n\t\t\t\t<div class=\"elementor-widget-container\">\n\t\t\t\t\t\t\t<div class=\"elementor-divider\">\n\t\t\t<span class=\"elementor-divider-separator\">\n\t\t\t\t\t\t<\/span>\n\t\t<\/div>\n\t\t\t\t\t\t<\/div>\n\t\t\t\t<\/div>\n\t\t\t\t<div class=\"elementor-element elementor-element-9aa1619 elementor-widget elementor-widget-heading\" data-id=\"9aa1619\" data-element_type=\"widget\" data-e-type=\"widget\" data-widget_type=\"heading.default\">\n\t\t\t\t<div class=\"elementor-widget-container\">\n\t\t\t\t\t<h2 class=\"elementor-heading-title elementor-size-default\">LA M\u00daSICA ES EL IDIOMA QUE HABLA EL CORAZ\u00d3N<\/h2>\t\t\t\t<\/div>\n\t\t\t\t<\/div>\n\t\t\t\t<div class=\"elementor-element elementor-element-346da7e elementor-drop-cap-yes elementor-drop-cap-view-default elementor-widget elementor-widget-text-editor\" data-id=\"346da7e\" data-element_type=\"widget\" data-e-type=\"widget\" data-settings=\"{&quot;drop_cap&quot;:&quot;yes&quot;}\" data-widget_type=\"text-editor.default\">\n\t\t\t\t<div class=\"elementor-widget-container\">\n\t\t\t\t\t\t\t\t\t<p style=\"font-weight: 400;\">La M\u00fasica me ha acompa\u00f1ado siempre. Llevo componiendo m\u00fasica desde que puedo recordar (y tengo muy buena memoria). Desde ni\u00f1o he sido un pianista auto-didacta (un viaje que no tiene fin), incluso desarroll\u00e9 mi propio y rudimentario sistema de solfeo basado en n\u00fameros\u00a0 para poder escribir mis composiciones. En una etapa posterior de mi vida me inscrib\u00ed en clases nocturnas para adultos en una escuela de m\u00fasica local para aprender suficiente solfeo como para poder escribir mis partituras de un modo m\u00e1s profesional.\u00a0\u00a0<\/p><p>Para mi, la M\u00fasica es el lenguaje en que habla el coraz\u00f3n, un idioma que siempre he querido aprender y poder hablar. Por eso creo que la M\u00fasica siempre deber\u00eda tocar el coraz\u00f3n del que la escucha, siempre deber\u00eda pulsar esas cuerdas que todos tenemos en nuestro coraz\u00f3n.<\/p><p style=\"font-weight: 400;\">He compuesto partituras para una gran variedad de proyectos en diferentes estilos, incluyendo piezas orquestales, para anuncios de TV, videos corporativos, cortometrajes cinematogr\u00e1ficos, desfiles de moda, y obras de teatro musical (mi principal pasi\u00f3n).<\/p><p>Soy un graduado de NMI (New Musicals, Inc. Hollywood, CA), donde curs\u00e9 su Core Curriculum Program y su Fringe Curriculum Program in Music Theater.\u00a0<\/p><p>El teatro musical es mi pasi\u00f3n. He compuesto varios musicales, como MOCTEZUMA&#8217;S REVENGE, (un extenso musical, para el que escrib\u00ed libreto, m\u00fasica y letras), THE LAST DORTHAL (una serie musical para internet, para la que compuse la m\u00fasica, con libreto y letras de Wayne Self), y\u00a0 THE CURE (un musical corto para el que compuse la m\u00fasica, con libreto y letras de BK Wells, y que se estren\u00f3 en el Broadwater Theater &#8211; en Hollywood, en Julio de 2019).<\/p><p>En la actualidad estoy escribiendo varios musicales nuevos e involucrado en diferentes proyectos musicales creativos.<\/p><p style=\"font-weight: 400;\">\u00a0<\/p>\t\t\t\t\t\t\t\t<\/div>\n\t\t\t\t<\/div>\n\t\t\t\t<div class=\"elementor-element elementor-element-2220431 elementor-align-center elementor-widget elementor-widget-button\" data-id=\"2220431\" data-element_type=\"widget\" data-e-type=\"widget\" data-widget_type=\"button.default\">\n\t\t\t\t<div class=\"elementor-widget-container\">\n\t\t\t\t\t\t\t\t\t<div class=\"elementor-button-wrapper\">\n\t\t\t\t\t<a class=\"elementor-button elementor-button-link elementor-size-sm elementor-animation-pulse-grow\" href=\"https:\/\/xaviervidalworld.com\/index.php\/music-es\/\" id=\"GO TO MUSIC HOME\">\n\t\t\t\t\t\t<span class=\"elementor-button-content-wrapper\">\n\t\t\t\t\t\t\t\t\t<span class=\"elementor-button-text\">IR A  HOMEPAGE - M\u00daSICA<\/span>\n\t\t\t\t\t<\/span>\n\t\t\t\t\t<\/a>\n\t\t\t\t<\/div>\n\t\t\t\t\t\t\t\t<\/div>\n\t\t\t\t<\/div>\n\t\t\t\t<div class=\"elementor-element elementor-element-fe6e5a7 elementor-widget-divider--view-line elementor-widget elementor-widget-divider\" data-id=\"fe6e5a7\" data-element_type=\"widget\" data-e-type=\"widget\" data-widget_type=\"divider.default\">\n\t\t\t\t<div class=\"elementor-widget-container\">\n\t\t\t\t\t\t\t<div class=\"elementor-divider\">\n\t\t\t<span class=\"elementor-divider-separator\">\n\t\t\t\t\t\t<\/span>\n\t\t<\/div>\n\t\t\t\t\t\t<\/div>\n\t\t\t\t<\/div>\n\t\t\t\t<div class=\"elementor-element elementor-element-984c728 elementor-widget elementor-widget-heading\" data-id=\"984c728\" data-element_type=\"widget\" data-e-type=\"widget\" data-widget_type=\"heading.default\">\n\t\t\t\t<div class=\"elementor-widget-container\">\n\t\t\t\t\t<h2 class=\"elementor-heading-title elementor-size-default\">LAS PALABRAS SON LA M\u00daSICA QUE ESCRIBE EL CORAZ\u00d3N <\/h2>\t\t\t\t<\/div>\n\t\t\t\t<\/div>\n\t\t\t\t<div class=\"elementor-element elementor-element-f499d59 elementor-drop-cap-yes elementor-drop-cap-view-default elementor-widget elementor-widget-text-editor\" data-id=\"f499d59\" data-element_type=\"widget\" data-e-type=\"widget\" data-settings=\"{&quot;drop_cap&quot;:&quot;yes&quot;}\" data-widget_type=\"text-editor.default\">\n\t\t\t\t<div class=\"elementor-widget-container\">\n\t\t\t\t\t\t\t\t\t<p style=\"font-weight: 400;\">Desde mi juventud, siempre he sido un \u00e1vido lector, y pronto descubr\u00ed que mi afici\u00f3n por escribir era una forma de expresar emociones y contar historias, algo que la M\u00fasica y la Literatura me permit\u00edan hacer.\u00a0<\/p><p>Siempre he pensado que las palabras, como las notas musicales, son la m\u00fasica que escribe el coraz\u00f3n, y no hay nada m\u00e1s placentero que leerlas y dejarse transportar a mundos nuevos y maravillosos.<\/p><p style=\"font-weight: 400;\">A trav\u00e9s de los a\u00f1os he escrito obras en diferentes campos, como guiones cinematogr\u00e1ficos para cortometrajes, obras de teatro, libretos para teatro musical, o art\u00edculos period\u00edsticos, pero las novelas siempre han sido mi principal inter\u00e9s literario. Mis novelas versan sobre una amplia variedad de temas sorprendentes, algunos ambientados en el presente, otros en entornos hist\u00f3ricos, pero todas ofreciendo siempre grandes dosis de aventura, honestidad y pasi\u00f3n.<\/p><p style=\"font-weight: 400;\">Como lector corresponsal extranjero para Nueva Zelanda de la edici\u00f3n digital de <em>La Vanguardia<\/em> (Barcelona) he escrito varios art\u00edculos sobre temas relacionados con el pa\u00eds.<\/p><p style=\"font-weight: 400;\">Tambi\u00e9n he publicado un relato breve en el libro de antolog\u00eda &#8220;La Audiencia Ha Escrito Un Crimen&#8221; (publicado en\u00a0 2016 por la Editorial C\u00edrculo Rojo).\u00a0<\/p><p style=\"font-weight: 400;\">Mi novela UXMALA fue seleccionada como Finalista en el VII PREMIO HISPANIA de NOVELA HIST\u00d3RICA (2019) en Espa\u00f1a.\u00a0\u00a0<\/p><p>Soy autor de cinco novelas (que siempre escribo en versiones espa\u00f1ola e inglesa) y en la actualidad estoy trabajando en varias novelas nuevas, as\u00ed como secuelas y las primeras entregas de una nueva serie.\u00a0<\/p>\t\t\t\t\t\t\t\t<\/div>\n\t\t\t\t<\/div>\n\t\t\t\t\t<\/div>\n\t\t<\/div>\n\t\t\t\t\t<\/div>\n\t\t<\/section>\n\t\t\t\t<div class=\"elementor-element elementor-element-b710eda elementor-align-center elementor-widget elementor-widget-button\" data-id=\"b710eda\" data-element_type=\"widget\" data-e-type=\"widget\" data-widget_type=\"button.default\">\n\t\t\t\t<div class=\"elementor-widget-container\">\n\t\t\t\t\t\t\t\t\t<div class=\"elementor-button-wrapper\">\n\t\t\t\t\t<a class=\"elementor-button elementor-button-link elementor-size-sm elementor-animation-pulse-grow\" href=\"https:\/\/xaviervidalworld.com\/index.php\/libros\/\" id=\"GO TO BOOKS HOME\">\n\t\t\t\t\t\t<span class=\"elementor-button-content-wrapper\">\n\t\t\t\t\t\t\t\t\t<span class=\"elementor-button-text\">IR A HOMEPAGE - LIBROS<\/span>\n\t\t\t\t\t<\/span>\n\t\t\t\t\t<\/a>\n\t\t\t\t<\/div>\n\t\t\t\t\t\t\t\t<\/div>\n\t\t\t\t<\/div>\n\t\t\t\t<div class=\"elementor-element elementor-element-bcd1c38 elementor-widget elementor-widget-heading\" data-id=\"bcd1c38\" data-element_type=\"widget\" data-e-type=\"widget\" data-widget_type=\"heading.default\">\n\t\t\t\t<div class=\"elementor-widget-container\">\n\t\t\t\t\t<h2 class=\"elementor-heading-title elementor-size-default\">\u00a9 Xavier Vidal 2024. TODOS LOS DERECHOS RESERVADOS.<\/h2>\t\t\t\t<\/div>\n\t\t\t\t<\/div>\n\t\t\t\t\t<\/div>\n\t\t<\/div>\n\t\t\t\t\t<\/div>\n\t\t<\/section>\n\t\t\t\t<\/div>\n\t\t","protected":false},"excerpt":{"rendered":"<p>XAVIER VIDAL Compositor y Novelista BREVE BIOGRAF\u00cdA Nacido y criado en la maravillosa y eterna Barcelona (soy un catal\u00e1n), hace unos a\u00f1os me mud\u00e9 al Paraiso, a la increiblemente hermosa Nueva Zelanda, donde resido con mi familia (ahora tambi\u00e9n soy un orgulloso Kiwi) En mi juventud me gradu\u00e9 como m\u00e9dico, gan\u00e9 una beca Fubright para [&hellip;]<\/p>\n","protected":false},"author":1,"featured_media":0,"parent":0,"menu_order":0,"comment_status":"closed","ping_status":"closed","template":"","meta":{"om_disable_all_campaigns":false,"_monsterinsights_skip_tracking":false,"_monsterinsights_sitenote_active":false,"_monsterinsights_sitenote_note":"","_monsterinsights_sitenote_category":0,"site-sidebar-layout":"no-sidebar","site-content-layout":"page-builder","ast-site-content-layout":"","site-content-style":"default","site-sidebar-style":"default","ast-global-header-display":"","ast-banner-title-visibility":"","ast-main-header-display":"","ast-hfb-above-header-display":"","ast-hfb-below-header-display":"","ast-hfb-mobile-header-display":"","site-post-title":"disabled","ast-breadcrumbs-content":"","ast-featured-img":"disabled","footer-sml-layout":"disabled","theme-transparent-header-meta":"default","adv-header-id-meta":"","stick-header-meta":"","header-above-stick-meta":"","header-main-stick-meta":"","header-below-stick-meta":"","astra-migrate-meta-layouts":"default","ast-page-background-enabled":"default","ast-page-background-meta":{"desktop":{"background-color":"","background-image":"","background-repeat":"repeat","background-position":"center center","background-size":"auto","background-attachment":"scroll","background-type":"","background-media":"","overlay-type":"","overlay-color":"","overlay-opacity":"","overlay-gradient":""},"tablet":{"background-color":"","background-image":"","background-repeat":"repeat","background-position":"center center","background-size":"auto","background-attachment":"scroll","background-type":"","background-media":"","overlay-type":"","overlay-color":"","overlay-opacity":"","overlay-gradient":""},"mobile":{"background-color":"","background-image":"","background-repeat":"repeat","background-position":"center center","background-size":"auto","background-attachment":"scroll","background-type":"","background-media":"","overlay-type":"","overlay-color":"","overlay-opacity":"","overlay-gradient":""}},"ast-content-background-meta":{"desktop":{"background-color":"var(--ast-global-color-5)","background-image":"","background-repeat":"repeat","background-position":"center center","background-size":"auto","background-attachment":"scroll","background-type":"","background-media":"","overlay-type":"","overlay-color":"","overlay-opacity":"","overlay-gradient":""},"tablet":{"background-color":"var(--ast-global-color-5)","background-image":"","background-repeat":"repeat","background-position":"center center","background-size":"auto","background-attachment":"scroll","background-type":"","background-media":"","overlay-type":"","overlay-color":"","overlay-opacity":"","overlay-gradient":""},"mobile":{"background-color":"var(--ast-global-color-5)","background-image":"","background-repeat":"repeat","background-position":"center center","background-size":"auto","background-attachment":"scroll","background-type":"","background-media":"","overlay-type":"","overlay-color":"","overlay-opacity":"","overlay-gradient":""}},"footnotes":""},"class_list":["post-5010","page","type-page","status-publish","hentry"],"aioseo_notices":[],"jetpack_sharing_enabled":true,"_links":{"self":[{"href":"https:\/\/xaviervidalworld.com\/index.php?rest_route=\/wp\/v2\/pages\/5010","targetHints":{"allow":["GET"]}}],"collection":[{"href":"https:\/\/xaviervidalworld.com\/index.php?rest_route=\/wp\/v2\/pages"}],"about":[{"href":"https:\/\/xaviervidalworld.com\/index.php?rest_route=\/wp\/v2\/types\/page"}],"author":[{"embeddable":true,"href":"https:\/\/xaviervidalworld.com\/index.php?rest_route=\/wp\/v2\/users\/1"}],"replies":[{"embeddable":true,"href":"https:\/\/xaviervidalworld.com\/index.php?rest_route=%2Fwp%2Fv2%2Fcomments&post=5010"}],"version-history":[{"count":26,"href":"https:\/\/xaviervidalworld.com\/index.php?rest_route=\/wp\/v2\/pages\/5010\/revisions"}],"predecessor-version":[{"id":8887,"href":"https:\/\/xaviervidalworld.com\/index.php?rest_route=\/wp\/v2\/pages\/5010\/revisions\/8887"}],"wp:attachment":[{"href":"https:\/\/xaviervidalworld.com\/index.php?rest_route=%2Fwp%2Fv2%2Fmedia&parent=5010"}],"curies":[{"name":"wp","href":"https:\/\/api.w.org\/{rel}","templated":true}]}}