{"id":5127,"date":"2021-06-10T18:45:13","date_gmt":"2021-06-10T06:45:13","guid":{"rendered":"https:\/\/xaviervidalworld.com\/?page_id=5127"},"modified":"2026-03-06T18:00:12","modified_gmt":"2026-03-06T05:00:12","slug":"uxmala-spanish","status":"publish","type":"page","link":"https:\/\/xaviervidalworld.com\/?page_id=5127","title":{"rendered":"UXMALA"},"content":{"rendered":"\t\t<div data-elementor-type=\"wp-page\" data-elementor-id=\"5127\" class=\"elementor elementor-5127\">\n\t\t\t\t\t\t<section class=\"elementor-section elementor-top-section elementor-element elementor-element-62516582 elementor-section-content-top elementor-section-boxed elementor-section-height-default elementor-section-height-default\" data-id=\"62516582\" data-element_type=\"section\" data-e-type=\"section\">\n\t\t\t\t\t\t<div class=\"elementor-container elementor-column-gap-no\">\n\t\t\t\t\t<div class=\"elementor-column elementor-col-50 elementor-top-column elementor-element elementor-element-6f8e2ad7\" data-id=\"6f8e2ad7\" data-element_type=\"column\" data-e-type=\"column\" id=\"UXMALA Book Page\">\n\t\t\t<div class=\"elementor-widget-wrap elementor-element-populated\">\n\t\t\t\t\t\t<div class=\"elementor-element elementor-element-33606ec9 elementor-widget elementor-widget-image\" data-id=\"33606ec9\" data-element_type=\"widget\" data-e-type=\"widget\" data-widget_type=\"image.default\">\n\t\t\t\t<div class=\"elementor-widget-container\">\n\t\t\t\t\t\t\t\t\t\t\t\t\t\t\t<img fetchpriority=\"high\" decoding=\"async\" width=\"300\" height=\"169\" src=\"https:\/\/i0.wp.com\/xaviervidalworld.com\/wp-content\/uploads\/2021\/06\/Snake-head-blur.png?fit=300%2C169&amp;ssl=1\" class=\"attachment-medium size-medium wp-image-1306\" alt=\"\" srcset=\"https:\/\/i0.wp.com\/xaviervidalworld.com\/wp-content\/uploads\/2021\/06\/Snake-head-blur.png?w=1024&amp;ssl=1 1024w, https:\/\/i0.wp.com\/xaviervidalworld.com\/wp-content\/uploads\/2021\/06\/Snake-head-blur.png?resize=300%2C169&amp;ssl=1 300w, https:\/\/i0.wp.com\/xaviervidalworld.com\/wp-content\/uploads\/2021\/06\/Snake-head-blur.png?resize=768%2C432&amp;ssl=1 768w\" sizes=\"(max-width: 300px) 100vw, 300px\" \/>\t\t\t\t\t\t\t\t\t\t\t\t\t\t\t<\/div>\n\t\t\t\t<\/div>\n\t\t\t\t<div class=\"elementor-element elementor-element-16abfd96 elementor-widget elementor-widget-heading\" data-id=\"16abfd96\" data-element_type=\"widget\" data-e-type=\"widget\" data-widget_type=\"heading.default\">\n\t\t\t\t<div class=\"elementor-widget-container\">\n\t\t\t\t\t<h1 class=\"elementor-heading-title elementor-size-default\">UXMALA<\/h1>\t\t\t\t<\/div>\n\t\t\t\t<\/div>\n\t\t\t\t<div class=\"elementor-element elementor-element-55fab21b elementor-widget elementor-widget-heading\" data-id=\"55fab21b\" data-element_type=\"widget\" data-e-type=\"widget\" data-widget_type=\"heading.default\">\n\t\t\t\t<div class=\"elementor-widget-container\">\n\t\t\t\t\t<h4 class=\"elementor-heading-title elementor-size-default\">Dos j\u00f3venes mujeres, separadas por 500 a\u00f1os. \nUna antigua maldici\u00f3n azteca las perseguir\u00e1 a trav\u00e9s del tiempo y el espacio.<\/h4>\t\t\t\t<\/div>\n\t\t\t\t<\/div>\n\t\t\t\t<div class=\"elementor-element elementor-element-37cb4f48 elementor-widget-divider--view-line elementor-widget elementor-widget-divider\" data-id=\"37cb4f48\" data-element_type=\"widget\" data-e-type=\"widget\" data-widget_type=\"divider.default\">\n\t\t\t\t<div class=\"elementor-widget-container\">\n\t\t\t\t\t\t\t<div class=\"elementor-divider\">\n\t\t\t<span class=\"elementor-divider-separator\">\n\t\t\t\t\t\t<\/span>\n\t\t<\/div>\n\t\t\t\t\t\t<\/div>\n\t\t\t\t<\/div>\n\t\t\t\t<div class=\"elementor-element elementor-element-64cb6fb4 elementor-drop-cap-yes elementor-drop-cap-view-default elementor-widget elementor-widget-text-editor\" data-id=\"64cb6fb4\" data-element_type=\"widget\" data-e-type=\"widget\" data-settings=\"{&quot;drop_cap&quot;:&quot;yes&quot;}\" data-widget_type=\"text-editor.default\">\n\t\t\t\t<div class=\"elementor-widget-container\">\n\t\t\t\t\t\t\t\t\t<p style=\"font-weight: 400;\">La historia de dos valerosas mujeres, que viven separadas por 500 a\u00f1os; una de ellas en la Europa de la actualidad, y la otra en M\u00e9xico, en el Imperio Azteca en 1518.\u00a0<\/p><p style=\"font-weight: 400;\">Uitzimal, un poco convencional alto sacerdote de la corte del poderoso emperador Moctezuma II, lleva a cabo investigaci\u00f3n cient\u00edfica secreta acerca de la preservaci\u00f3n de la vida tras la muerte, empleando los cuerpos de los prisioneros sacrificados mediante la extracci\u00f3n de su coraz\u00f3n del pecho.<\/p><p style=\"font-weight: 400;\">Con su voluntad dividida entre sus deberes sacerdotales y su amor prohibido por una mujer plebeya, criar\u00e1 en secreto a Uxmala, su hija reci\u00e9n nacida.<\/p><p style=\"font-weight: 400;\">A\u00f1os despu\u00e9s, convertida ya en una valiente joven, Uxmala luchar\u00e1 contra antiguos prejuicios aztecas al enamorarse de un joven conquistador espa\u00f1ol.<\/p><p style=\"font-weight: 400;\">Uitzimal se enfrentar\u00e1 a la ira de una antigua diabla azteca que amenaza con llevarse a Uxmala al inframundo y lanza una maldici\u00f3n sobre la pareja para toda la eternidad. A partir de ese momento Uitzimal se ver\u00e1 ante un desgarrador dilema al que ning\u00fan padre deber\u00eda tener que enfrentarse jam\u00e1s.<\/p><p style=\"font-weight: 400;\">En la Barcelona del presente, Sam, un joven m\u00e9dico ver\u00e1 su vida en serio peligro tras descubrir un antiguo medall\u00f3n con propiedades paranormales oculto en el cuerpo de una paciente fallecida.<\/p><p style=\"font-weight: 400;\">Durante su investigaci\u00f3n, conocer\u00e1 a Estrella, una valiente, resolutiva y misteriosa cient\u00edfica mexicana, que se convertirt\u00e1 en su pareja. Su investigaci\u00f3n les llevar\u00e1 por todo el mundo en una peligrosa b\u00fasqueda de lo que podr\u00eda ser uno de los mayores descubrimientos en la historia de la humanidad.<\/p><p style=\"font-weight: 400;\">Solo tendr\u00e1n una \u00fanica oportunidad de romper la antigua maldici\u00f3n azteca, descubriendo su destino y su verdadera vocaci\u00f3n.<\/p>\t\t\t\t\t\t\t\t<\/div>\n\t\t\t\t<\/div>\n\t\t\t\t\t<\/div>\n\t\t<\/div>\n\t\t\t\t<div class=\"elementor-column elementor-col-50 elementor-top-column elementor-element elementor-element-6a602e76\" data-id=\"6a602e76\" data-element_type=\"column\" data-e-type=\"column\">\n\t\t\t<div class=\"elementor-widget-wrap elementor-element-populated\">\n\t\t\t\t\t\t<div class=\"elementor-element elementor-element-a638f23 elementor-widget elementor-widget-image\" data-id=\"a638f23\" data-element_type=\"widget\" data-e-type=\"widget\" data-widget_type=\"image.default\">\n\t\t\t\t<div class=\"elementor-widget-container\">\n\t\t\t\t\t\t\t\t\t\t\t\t\t\t\t<img decoding=\"async\" width=\"768\" height=\"1236\" src=\"https:\/\/i0.wp.com\/xaviervidalworld.com\/wp-content\/uploads\/2023\/10\/UXMALA-ESP-2023.-EBOOK-cover-copy.jpg?fit=768%2C1236&amp;ssl=1\" class=\"attachment-medium_large size-medium_large wp-image-7104\" alt=\"UXMALA (Spanish) 2023 cover\" srcset=\"https:\/\/i0.wp.com\/xaviervidalworld.com\/wp-content\/uploads\/2023\/10\/UXMALA-ESP-2023.-EBOOK-cover-copy.jpg?w=1531&amp;ssl=1 1531w, https:\/\/i0.wp.com\/xaviervidalworld.com\/wp-content\/uploads\/2023\/10\/UXMALA-ESP-2023.-EBOOK-cover-copy.jpg?resize=186%2C300&amp;ssl=1 186w, https:\/\/i0.wp.com\/xaviervidalworld.com\/wp-content\/uploads\/2023\/10\/UXMALA-ESP-2023.-EBOOK-cover-copy.jpg?resize=636%2C1024&amp;ssl=1 636w, https:\/\/i0.wp.com\/xaviervidalworld.com\/wp-content\/uploads\/2023\/10\/UXMALA-ESP-2023.-EBOOK-cover-copy.jpg?resize=768%2C1236&amp;ssl=1 768w, https:\/\/i0.wp.com\/xaviervidalworld.com\/wp-content\/uploads\/2023\/10\/UXMALA-ESP-2023.-EBOOK-cover-copy.jpg?resize=954%2C1536&amp;ssl=1 954w, https:\/\/i0.wp.com\/xaviervidalworld.com\/wp-content\/uploads\/2023\/10\/UXMALA-ESP-2023.-EBOOK-cover-copy.jpg?resize=1273%2C2048&amp;ssl=1 1273w\" sizes=\"(max-width: 768px) 100vw, 768px\" \/>\t\t\t\t\t\t\t\t\t\t\t\t\t\t\t<\/div>\n\t\t\t\t<\/div>\n\t\t\t\t<div class=\"elementor-element elementor-element-53f34e7 elementor-widget elementor-widget-image\" data-id=\"53f34e7\" data-element_type=\"widget\" data-e-type=\"widget\" data-widget_type=\"image.default\">\n\t\t\t\t<div class=\"elementor-widget-container\">\n\t\t\t\t\t\t\t\t\t\t\t\t\t\t\t<img data-recalc-dims=\"1\" decoding=\"async\" src=\"https:\/\/i0.wp.com\/xaviervidalworld.com\/wp-content\/uploads\/elementor\/thumbs\/Logo-Premio-Hispania-copy-pc10rnv27e51bnbtckyfbeg8e0fyib160rmgs4unw2.png?ssl=1\" title=\"Logo Premio Hispania copy\" alt=\"Logo VII Premio Hispania\" loading=\"lazy\" \/>\t\t\t\t\t\t\t\t\t\t\t\t\t\t\t<\/div>\n\t\t\t\t<\/div>\n\t\t\t\t\t<\/div>\n\t\t<\/div>\n\t\t\t\t\t<\/div>\n\t\t<\/section>\n\t\t\t\t<section class=\"elementor-section elementor-top-section elementor-element elementor-element-71288b3b elementor-section-boxed elementor-section-height-default elementor-section-height-default\" data-id=\"71288b3b\" data-element_type=\"section\" data-e-type=\"section\" data-settings=\"{&quot;background_background&quot;:&quot;classic&quot;}\">\n\t\t\t\t\t\t<div class=\"elementor-container elementor-column-gap-no\">\n\t\t\t\t\t<div class=\"elementor-column elementor-col-100 elementor-top-column elementor-element elementor-element-8d89da1\" data-id=\"8d89da1\" data-element_type=\"column\" data-e-type=\"column\">\n\t\t\t<div class=\"elementor-widget-wrap elementor-element-populated\">\n\t\t\t\t\t\t<div class=\"elementor-element elementor-element-72a2205 elementor-widget elementor-widget-heading\" data-id=\"72a2205\" data-element_type=\"widget\" data-e-type=\"widget\" data-widget_type=\"heading.default\">\n\t\t\t\t<div class=\"elementor-widget-container\">\n\t\t\t\t\t<h2 class=\"elementor-heading-title elementor-size-default\">UN VIAJE A TRAV\u00c9S DEL TIEMPO Y EL ESPACIO <\/h2>\t\t\t\t<\/div>\n\t\t\t\t<\/div>\n\t\t\t\t<section class=\"elementor-section elementor-inner-section elementor-element elementor-element-7a1d9c0b elementor-section-content-middle elementor-section-boxed elementor-section-height-default elementor-section-height-default\" data-id=\"7a1d9c0b\" data-element_type=\"section\" data-e-type=\"section\">\n\t\t\t\t\t\t<div class=\"elementor-container elementor-column-gap-no\">\n\t\t\t\t\t<div class=\"elementor-column elementor-col-50 elementor-inner-column elementor-element elementor-element-238a79aa\" data-id=\"238a79aa\" data-element_type=\"column\" data-e-type=\"column\">\n\t\t\t<div class=\"elementor-widget-wrap elementor-element-populated\">\n\t\t\t\t\t\t<div class=\"elementor-element elementor-element-784c6b27 elementor-widget elementor-widget-image\" data-id=\"784c6b27\" data-element_type=\"widget\" data-e-type=\"widget\" data-widget_type=\"image.default\">\n\t\t\t\t<div class=\"elementor-widget-container\">\n\t\t\t\t\t\t\t\t\t\t\t\t\t\t\t<img decoding=\"async\" width=\"300\" height=\"169\" src=\"https:\/\/i0.wp.com\/xaviervidalworld.com\/wp-content\/uploads\/2021\/06\/9ff5ace25e4547378d715f4f6aac85d0-copy.jpg?fit=300%2C169&amp;ssl=1\" class=\"attachment-medium size-medium wp-image-1301\" alt=\"\" srcset=\"https:\/\/i0.wp.com\/xaviervidalworld.com\/wp-content\/uploads\/2021\/06\/9ff5ace25e4547378d715f4f6aac85d0-copy.jpg?w=1024&amp;ssl=1 1024w, https:\/\/i0.wp.com\/xaviervidalworld.com\/wp-content\/uploads\/2021\/06\/9ff5ace25e4547378d715f4f6aac85d0-copy.jpg?resize=300%2C169&amp;ssl=1 300w, https:\/\/i0.wp.com\/xaviervidalworld.com\/wp-content\/uploads\/2021\/06\/9ff5ace25e4547378d715f4f6aac85d0-copy.jpg?resize=768%2C432&amp;ssl=1 768w\" sizes=\"(max-width: 300px) 100vw, 300px\" \/>\t\t\t\t\t\t\t\t\t\t\t\t\t\t\t<\/div>\n\t\t\t\t<\/div>\n\t\t\t\t\t<\/div>\n\t\t<\/div>\n\t\t\t\t<div class=\"elementor-column elementor-col-50 elementor-inner-column elementor-element elementor-element-65a53fe5\" data-id=\"65a53fe5\" data-element_type=\"column\" data-e-type=\"column\">\n\t\t\t<div class=\"elementor-widget-wrap elementor-element-populated\">\n\t\t\t\t\t\t<div class=\"elementor-element elementor-element-1987af3b elementor-widget elementor-widget-text-editor\" data-id=\"1987af3b\" data-element_type=\"widget\" data-e-type=\"widget\" data-widget_type=\"text-editor.default\">\n\t\t\t\t<div class=\"elementor-widget-container\">\n\t\t\t\t\t\t\t\t\t<p>Sam y Estrella correr\u00e1n una carrera contra el tiempo para descifrar pistas enigm\u00e1ticas, descubrir la historia de su familia y tambi\u00e9n su futuro. Durante su viaje, desenterrar\u00e1n un secreto que podr\u00eda cambiar el futuro de la humanidad, pero solo si son capaces de revertir el curso de la maldici\u00f3n y liberar a sus ancestros.<\/p>\t\t\t\t\t\t\t\t<\/div>\n\t\t\t\t<\/div>\n\t\t\t\t<div class=\"elementor-element elementor-element-643c416b elementor-widget-divider--view-line elementor-widget elementor-widget-divider\" data-id=\"643c416b\" data-element_type=\"widget\" data-e-type=\"widget\" data-widget_type=\"divider.default\">\n\t\t\t\t<div class=\"elementor-widget-container\">\n\t\t\t\t\t\t\t<div class=\"elementor-divider\">\n\t\t\t<span class=\"elementor-divider-separator\">\n\t\t\t\t\t\t<\/span>\n\t\t<\/div>\n\t\t\t\t\t\t<\/div>\n\t\t\t\t<\/div>\n\t\t\t\t<div class=\"elementor-element elementor-element-13f1dd07 elementor-widget elementor-widget-text-editor\" data-id=\"13f1dd07\" data-element_type=\"widget\" data-e-type=\"widget\" data-widget_type=\"text-editor.default\">\n\t\t\t\t<div class=\"elementor-widget-container\">\n\t\t\t\t\t\t\t\t\t<p>Dos parejas, separadas en el tiempo por 500 a\u00f1os, una en el fascinante imperio azteca pre-hisp\u00e1nico y la otra en la Europa del presente, cuyos destinos se entrecruzan, bajo el despiadado dictado de una antigua maldici\u00f3n azteca.\u00a0<\/p>\t\t\t\t\t\t\t\t<\/div>\n\t\t\t\t<\/div>\n\t\t\t\t<div class=\"elementor-element elementor-element-3315f605 elementor-widget-divider--view-line elementor-widget elementor-widget-divider\" data-id=\"3315f605\" data-element_type=\"widget\" data-e-type=\"widget\" data-widget_type=\"divider.default\">\n\t\t\t\t<div class=\"elementor-widget-container\">\n\t\t\t\t\t\t\t<div class=\"elementor-divider\">\n\t\t\t<span class=\"elementor-divider-separator\">\n\t\t\t\t\t\t<\/span>\n\t\t<\/div>\n\t\t\t\t\t\t<\/div>\n\t\t\t\t<\/div>\n\t\t\t\t\t<\/div>\n\t\t<\/div>\n\t\t\t\t\t<\/div>\n\t\t<\/section>\n\t\t\t\t<div class=\"elementor-element elementor-element-6f99a74e elementor-widget elementor-widget-spacer\" data-id=\"6f99a74e\" data-element_type=\"widget\" data-e-type=\"widget\" data-widget_type=\"spacer.default\">\n\t\t\t\t<div class=\"elementor-widget-container\">\n\t\t\t\t\t\t\t<div class=\"elementor-spacer\">\n\t\t\t<div class=\"elementor-spacer-inner\"><\/div>\n\t\t<\/div>\n\t\t\t\t\t\t<\/div>\n\t\t\t\t<\/div>\n\t\t\t\t\t<\/div>\n\t\t<\/div>\n\t\t\t\t\t<\/div>\n\t\t<\/section>\n\t\t\t\t<section class=\"elementor-section elementor-top-section elementor-element elementor-element-7d4b29cf elementor-section-boxed elementor-section-height-default elementor-section-height-default\" data-id=\"7d4b29cf\" data-element_type=\"section\" data-e-type=\"section\">\n\t\t\t\t\t\t\t<div class=\"elementor-background-overlay\"><\/div>\n\t\t\t\t\t\t\t<div class=\"elementor-container elementor-column-gap-no\">\n\t\t\t\t\t<div class=\"elementor-column elementor-col-100 elementor-top-column elementor-element elementor-element-38b400ca\" data-id=\"38b400ca\" data-element_type=\"column\" data-e-type=\"column\">\n\t\t\t<div class=\"elementor-widget-wrap elementor-element-populated\">\n\t\t\t\t\t\t<div class=\"elementor-element elementor-element-f8695f0 elementor-widget elementor-widget-image\" data-id=\"f8695f0\" data-element_type=\"widget\" data-e-type=\"widget\" data-widget_type=\"image.default\">\n\t\t\t\t<div class=\"elementor-widget-container\">\n\t\t\t\t\t\t\t\t\t\t\t\t\t\t\t<img data-recalc-dims=\"1\" decoding=\"async\" src=\"https:\/\/i0.wp.com\/xaviervidalworld.com\/wp-content\/uploads\/elementor\/thumbs\/Glifos-blur-p8g99hqlbjqc5gd2kqihajxtafxv7v0zs7dry0trcy.jpg?ssl=1\" title=\"Glifos blur\" alt=\"Glifos blur\" loading=\"lazy\" \/>\t\t\t\t\t\t\t\t\t\t\t\t\t\t\t<\/div>\n\t\t\t\t<\/div>\n\t\t\t\t<div class=\"elementor-element elementor-element-c10786a elementor-widget elementor-widget-heading\" data-id=\"c10786a\" data-element_type=\"widget\" data-e-type=\"widget\" data-widget_type=\"heading.default\">\n\t\t\t\t<div class=\"elementor-widget-container\">\n\t\t\t\t\t<h2 class=\"elementor-heading-title elementor-size-default\">DESCUBRE EL LIBRO<\/h2>\t\t\t\t<\/div>\n\t\t\t\t<\/div>\n\t\t\t\t<div class=\"elementor-element elementor-element-5d208d4 elementor-widget elementor-widget-text-editor\" data-id=\"5d208d4\" data-element_type=\"widget\" data-e-type=\"widget\" data-widget_type=\"text-editor.default\">\n\t\t\t\t<div class=\"elementor-widget-container\">\n\t\t\t\t\t\t\t\t\t<p>Disponible en todos los principales distribuidores de libros.\u00a0<\/p>\t\t\t\t\t\t\t\t<\/div>\n\t\t\t\t<\/div>\n\t\t\t\t<div class=\"elementor-element elementor-element-4d9f795 elementor-widget-divider--view-line elementor-widget elementor-widget-divider\" data-id=\"4d9f795\" data-element_type=\"widget\" data-e-type=\"widget\" data-widget_type=\"divider.default\">\n\t\t\t\t<div class=\"elementor-widget-container\">\n\t\t\t\t\t\t\t<div class=\"elementor-divider\">\n\t\t\t<span class=\"elementor-divider-separator\">\n\t\t\t\t\t\t<\/span>\n\t\t<\/div>\n\t\t\t\t\t\t<\/div>\n\t\t\t\t<\/div>\n\t\t\t\t<div class=\"elementor-element elementor-element-689477c3 elementor-widget elementor-widget-image\" data-id=\"689477c3\" data-element_type=\"widget\" data-e-type=\"widget\" data-widget_type=\"image.default\">\n\t\t\t\t<div class=\"elementor-widget-container\">\n\t\t\t\t\t\t\t\t\t\t\t\t\t\t\t<img loading=\"lazy\" decoding=\"async\" width=\"1024\" height=\"582\" src=\"https:\/\/i0.wp.com\/xaviervidalworld.com\/wp-content\/uploads\/2023\/10\/UXMALA-ESP-2023-3D-BODEGON.png?fit=1024%2C582&amp;ssl=1\" class=\"attachment-large size-large wp-image-7105\" alt=\"UXMALA (Spanish) 2023 - 3D BODEGON cover\" srcset=\"https:\/\/i0.wp.com\/xaviervidalworld.com\/wp-content\/uploads\/2023\/10\/UXMALA-ESP-2023-3D-BODEGON.png?w=2200&amp;ssl=1 2200w, https:\/\/i0.wp.com\/xaviervidalworld.com\/wp-content\/uploads\/2023\/10\/UXMALA-ESP-2023-3D-BODEGON.png?resize=300%2C170&amp;ssl=1 300w, https:\/\/i0.wp.com\/xaviervidalworld.com\/wp-content\/uploads\/2023\/10\/UXMALA-ESP-2023-3D-BODEGON.png?resize=1024%2C582&amp;ssl=1 1024w, https:\/\/i0.wp.com\/xaviervidalworld.com\/wp-content\/uploads\/2023\/10\/UXMALA-ESP-2023-3D-BODEGON.png?resize=768%2C436&amp;ssl=1 768w, https:\/\/i0.wp.com\/xaviervidalworld.com\/wp-content\/uploads\/2023\/10\/UXMALA-ESP-2023-3D-BODEGON.png?resize=1536%2C873&amp;ssl=1 1536w, https:\/\/i0.wp.com\/xaviervidalworld.com\/wp-content\/uploads\/2023\/10\/UXMALA-ESP-2023-3D-BODEGON.png?resize=2048%2C1164&amp;ssl=1 2048w\" sizes=\"(max-width: 1000px) 100vw, 1000px\" \/>\t\t\t\t\t\t\t\t\t\t\t\t\t\t\t<\/div>\n\t\t\t\t<\/div>\n\t\t\t\t<div class=\"elementor-element elementor-element-c1cb257 elementor-widget elementor-widget-heading\" data-id=\"c1cb257\" data-element_type=\"widget\" data-e-type=\"widget\" data-widget_type=\"heading.default\">\n\t\t\t\t<div class=\"elementor-widget-container\">\n\t\t\t\t\t<h4 class=\"elementor-heading-title elementor-size-default\">E-Book &amp; Paperback<\/h4>\t\t\t\t<\/div>\n\t\t\t\t<\/div>\n\t\t\t\t<div class=\"elementor-element elementor-element-e857e61 elementor-align-center elementor-widget__width-initial elementor-widget elementor-widget-button\" data-id=\"e857e61\" data-element_type=\"widget\" data-e-type=\"widget\" data-widget_type=\"button.default\">\n\t\t\t\t<div class=\"elementor-widget-container\">\n\t\t\t\t\t\t\t\t\t<div class=\"elementor-button-wrapper\">\n\t\t\t\t\t<a class=\"elementor-button elementor-button-link elementor-size-sm elementor-animation-grow\" href=\"https:\/\/books2read.com\/u\/4A5Ryp\">\n\t\t\t\t\t\t<span class=\"elementor-button-content-wrapper\">\n\t\t\t\t\t\t\t\t\t<span class=\"elementor-button-text\">ORDER (English Edition)<\/span>\n\t\t\t\t\t<\/span>\n\t\t\t\t\t<\/a>\n\t\t\t\t<\/div>\n\t\t\t\t\t\t\t\t<\/div>\n\t\t\t\t<\/div>\n\t\t\t\t<div class=\"elementor-element elementor-element-30898c2 elementor-align-justify elementor-widget__width-auto elementor-widget elementor-widget-button\" data-id=\"30898c2\" data-element_type=\"widget\" data-e-type=\"widget\" data-widget_type=\"button.default\">\n\t\t\t\t<div class=\"elementor-widget-container\">\n\t\t\t\t\t\t\t\t\t<div class=\"elementor-button-wrapper\">\n\t\t\t\t\t<a class=\"elementor-button elementor-button-link elementor-size-sm elementor-animation-grow\" href=\"https:\/\/books2read.com\/u\/m2lqY1\">\n\t\t\t\t\t\t<span class=\"elementor-button-content-wrapper\">\n\t\t\t\t\t\t\t\t\t<span class=\"elementor-button-text\">COMPRAR (Edicion Espa\u00f1ola)<\/span>\n\t\t\t\t\t<\/span>\n\t\t\t\t\t<\/a>\n\t\t\t\t<\/div>\n\t\t\t\t\t\t\t\t<\/div>\n\t\t\t\t<\/div>\n\t\t\t\t\t<\/div>\n\t\t<\/div>\n\t\t\t\t\t<\/div>\n\t\t<\/section>\n\t\t\t\t<section class=\"elementor-section elementor-top-section elementor-element elementor-element-bdfeadc elementor-section-boxed elementor-section-height-default elementor-section-height-default\" data-id=\"bdfeadc\" data-element_type=\"section\" data-e-type=\"section\">\n\t\t\t\t\t\t<div class=\"elementor-container elementor-column-gap-default\">\n\t\t\t\t\t<div class=\"elementor-column elementor-col-100 elementor-top-column elementor-element elementor-element-a3ba580\" data-id=\"a3ba580\" data-element_type=\"column\" data-e-type=\"column\">\n\t\t\t<div class=\"elementor-widget-wrap elementor-element-populated\">\n\t\t\t\t\t\t<div class=\"elementor-element elementor-element-12afa42 elementor-widget elementor-widget-heading\" data-id=\"12afa42\" data-element_type=\"widget\" data-e-type=\"widget\" data-widget_type=\"heading.default\">\n\t\t\t\t<div class=\"elementor-widget-container\">\n\t\t\t\t\t<h2 class=\"elementor-heading-title elementor-size-default\">\u00a9 Xavier Vidal 2026. TODOS LOS DERECHOS RESERVADOS.<\/h2>\t\t\t\t<\/div>\n\t\t\t\t<\/div>\n\t\t\t\t\t<\/div>\n\t\t<\/div>\n\t\t\t\t\t<\/div>\n\t\t<\/section>\n\t\t\t\t<\/div>\n\t\t","protected":false},"excerpt":{"rendered":"<p>UXMALA Dos j\u00f3venes mujeres, separadas por 500 a\u00f1os. Una antigua maldici\u00f3n azteca las perseguir\u00e1 a trav\u00e9s del tiempo y el espacio. La historia de dos valerosas mujeres, que viven separadas por 500 a\u00f1os; una de ellas en la Europa de la actualidad, y la otra en M\u00e9xico, en el Imperio Azteca en 1518.\u00a0 Uitzimal, un [&hellip;]<\/p>\n","protected":false},"author":1,"featured_media":0,"parent":0,"menu_order":0,"comment_status":"closed","ping_status":"closed","template":"","meta":{"om_disable_all_campaigns":false,"_monsterinsights_skip_tracking":false,"_monsterinsights_sitenote_active":false,"_monsterinsights_sitenote_note":"","_monsterinsights_sitenote_category":0,"site-sidebar-layout":"no-sidebar","site-content-layout":"page-builder","ast-site-content-layout":"full-width-container","site-content-style":"unboxed","site-sidebar-style":"unboxed","ast-global-header-display":"","ast-banner-title-visibility":"","ast-main-header-display":"","ast-hfb-above-header-display":"","ast-hfb-below-header-display":"","ast-hfb-mobile-header-display":"","site-post-title":"disabled","ast-breadcrumbs-content":"","ast-featured-img":"disabled","footer-sml-layout":"disabled","theme-transparent-header-meta":"default","adv-header-id-meta":"","stick-header-meta":"","header-above-stick-meta":"","header-main-stick-meta":"","header-below-stick-meta":"","astra-migrate-meta-layouts":"set","ast-page-background-enabled":"default","ast-page-background-meta":{"desktop":{"background-color":"","background-image":"","background-repeat":"repeat","background-position":"center center","background-size":"auto","background-attachment":"scroll","background-type":"","background-media":"","overlay-type":"","overlay-color":"","overlay-opacity":"","overlay-gradient":""},"tablet":{"background-color":"","background-image":"","background-repeat":"repeat","background-position":"center center","background-size":"auto","background-attachment":"scroll","background-type":"","background-media":"","overlay-type":"","overlay-color":"","overlay-opacity":"","overlay-gradient":""},"mobile":{"background-color":"","background-image":"","background-repeat":"repeat","background-position":"center center","background-size":"auto","background-attachment":"scroll","background-type":"","background-media":"","overlay-type":"","overlay-color":"","overlay-opacity":"","overlay-gradient":""}},"ast-content-background-meta":{"desktop":{"background-color":"var(--ast-global-color-5)","background-image":"","background-repeat":"repeat","background-position":"center center","background-size":"auto","background-attachment":"scroll","background-type":"","background-media":"","overlay-type":"","overlay-color":"","overlay-opacity":"","overlay-gradient":""},"tablet":{"background-color":"var(--ast-global-color-5)","background-image":"","background-repeat":"repeat","background-position":"center center","background-size":"auto","background-attachment":"scroll","background-type":"","background-media":"","overlay-type":"","overlay-color":"","overlay-opacity":"","overlay-gradient":""},"mobile":{"background-color":"var(--ast-global-color-5)","background-image":"","background-repeat":"repeat","background-position":"center center","background-size":"auto","background-attachment":"scroll","background-type":"","background-media":"","overlay-type":"","overlay-color":"","overlay-opacity":"","overlay-gradient":""}},"footnotes":""},"class_list":["post-5127","page","type-page","status-publish","hentry"],"aioseo_notices":[],"jetpack_sharing_enabled":true,"_links":{"self":[{"href":"https:\/\/xaviervidalworld.com\/index.php?rest_route=\/wp\/v2\/pages\/5127","targetHints":{"allow":["GET"]}}],"collection":[{"href":"https:\/\/xaviervidalworld.com\/index.php?rest_route=\/wp\/v2\/pages"}],"about":[{"href":"https:\/\/xaviervidalworld.com\/index.php?rest_route=\/wp\/v2\/types\/page"}],"author":[{"embeddable":true,"href":"https:\/\/xaviervidalworld.com\/index.php?rest_route=\/wp\/v2\/users\/1"}],"replies":[{"embeddable":true,"href":"https:\/\/xaviervidalworld.com\/index.php?rest_route=%2Fwp%2Fv2%2Fcomments&post=5127"}],"version-history":[{"count":199,"href":"https:\/\/xaviervidalworld.com\/index.php?rest_route=\/wp\/v2\/pages\/5127\/revisions"}],"predecessor-version":[{"id":9574,"href":"https:\/\/xaviervidalworld.com\/index.php?rest_route=\/wp\/v2\/pages\/5127\/revisions\/9574"}],"wp:attachment":[{"href":"https:\/\/xaviervidalworld.com\/index.php?rest_route=%2Fwp%2Fv2%2Fmedia&parent=5127"}],"curies":[{"name":"wp","href":"https:\/\/api.w.org\/{rel}","templated":true}]}}