{"id":6603,"date":"2023-10-09T16:36:38","date_gmt":"2023-10-09T03:36:38","guid":{"rendered":"https:\/\/xaviervidalworld.com\/?page_id=6603"},"modified":"2026-03-25T10:37:18","modified_gmt":"2026-03-24T21:37:18","slug":"el-secreto-de-chopin","status":"publish","type":"page","link":"https:\/\/xaviervidalworld.com\/?page_id=6603","title":{"rendered":"EL SECRETO DE CHOPIN"},"content":{"rendered":"<p><img data-recalc-dims=\"1\" decoding=\"async\" width=\"150\" height=\"150\" src=\"https:\/\/i0.wp.com\/xaviervidalworld.com\/wp-content\/uploads\/2023\/10\/pexels-maria-tyutina-814262.jpg?resize=150%2C150&#038;ssl=1\" alt=\"Piano\" srcset=\"https:\/\/i0.wp.com\/xaviervidalworld.com\/wp-content\/uploads\/2023\/10\/pexels-maria-tyutina-814262-scaled.jpg?resize=150%2C150&amp;ssl=1 150w, https:\/\/i0.wp.com\/xaviervidalworld.com\/wp-content\/uploads\/2023\/10\/pexels-maria-tyutina-814262-scaled.jpg?zoom=2&amp;resize=150%2C150&amp;ssl=1 300w, https:\/\/i0.wp.com\/xaviervidalworld.com\/wp-content\/uploads\/2023\/10\/pexels-maria-tyutina-814262-scaled.jpg?zoom=3&amp;resize=150%2C150&amp;ssl=1 450w\" sizes=\"(max-width: 150px) 100vw, 150px\" \/>\t\t\t\t\t\t\t\t\t\t\t\t\t\t\t<\/p>\n<h1>EL SECRETO DE CHOPIN<\/h1>\n<h4>\u00bfPudo el legendario compositor Chopin haber formado parte de una conspiraci\u00f3n secreta para salvar al mundo libre de la mayor amenaza de toda su milenaria historia?<br \/>\n<\/h4>\n<p>En 1913, Barcelona era una ciudad en plena agitaci\u00f3n social y cultural. Unos meses despu\u00e9s de la inexplicable desaparici\u00f3n del Subinspector Morillo en un misterioso Casino oculto en las monta\u00f1as, In\u00e9s ser\u00e1 perseguida por una siniestra organizaci\u00f3n secreta que lleva siglos a la b\u00fasqueda de un enigm\u00e1tico objeto que podr\u00eda alterar para siempre el balance de poder en el mundo.<\/p>\n<p>Ante la falta de explicaciones oficiales, In\u00e9s se propone averiguar lo que realmente le sucedi\u00f3 a Morillo. Con la ayuda de unos peculiares aliados, se embarcar\u00e1 en un peligroso viaje que los llevar\u00e1 desde las calles de Barcelona a la isla de Mallorca, donde ser\u00e1n perseguidos implacablemente por un grupo de asesinos. <\/p>\n<p>Su aventura transcurrir\u00e1 en varios escenarios \u00fanicos, como el m\u00edtico monasterio de la Cartuja de Valldemossa (donde el invierno de 1838 Chopin se refugi\u00f3 con su amante George Sand, en busca de tranquilidad e inspiraci\u00f3n) y varias espectaculares cuevas y lagos subterr\u00e1neos de la geograf\u00eda mallorquina. <\/p>\n<h4>INVESTIGANDO LA DESAPARICI\u00d3N DE MORILLO, IN\u00c9S SE ENFRENTAR\u00c1 A UNO DE LOS MAYORES MISTERIOS DE LA HISTORIA EUROPEA<\/h4>\n<p>\t\t\t\t\t\t\t\t\t\t\t\t\t\t\t<img data-recalc-dims=\"1\" fetchpriority=\"high\" decoding=\"async\" width=\"300\" height=\"200\" src=\"https:\/\/i0.wp.com\/xaviervidalworld.com\/wp-content\/uploads\/2023\/10\/pexels-pixabay-164715.jpg?resize=300%2C200&#038;ssl=1\" alt=\"Teclado de piano.\" srcset=\"https:\/\/i0.wp.com\/xaviervidalworld.com\/wp-content\/uploads\/2023\/10\/pexels-pixabay-164715-scaled.jpg?resize=300%2C200&amp;ssl=1 300w, https:\/\/i0.wp.com\/xaviervidalworld.com\/wp-content\/uploads\/2023\/10\/pexels-pixabay-164715-scaled.jpg?resize=1024%2C683&amp;ssl=1 1024w, https:\/\/i0.wp.com\/xaviervidalworld.com\/wp-content\/uploads\/2023\/10\/pexels-pixabay-164715-scaled.jpg?resize=768%2C512&amp;ssl=1 768w, https:\/\/i0.wp.com\/xaviervidalworld.com\/wp-content\/uploads\/2023\/10\/pexels-pixabay-164715-scaled.jpg?resize=1536%2C1024&amp;ssl=1 1536w, https:\/\/i0.wp.com\/xaviervidalworld.com\/wp-content\/uploads\/2023\/10\/pexels-pixabay-164715-scaled.jpg?resize=2048%2C1365&amp;ssl=1 2048w\" sizes=\"(max-width: 300px) 100vw, 300px\" \/><br \/>\n\t\t\t\t<noscript><br \/>\n\t\t\t\t\tLa esperada secuela de   LA HABITACI\u00d3N DE LOS SUICIDIOS, Segunda entrega de la Serie  CR\u00d3NICAS DEL BICICLETA , NOVEDAD  2023\t\t\t\t<\/noscript><br \/>\n\t\t\t<!-- close .eael-fancy-text-container --><br \/>\n\t\t\t\t\t\t\t\t\t\t\t\t\t\t\t<img data-recalc-dims=\"1\" decoding=\"async\" width=\"619\" height=\"1024\" src=\"https:\/\/i0.wp.com\/xaviervidalworld.com\/wp-content\/uploads\/2023\/11\/CASINO-2-ESP-2023-Cover-2-11-23-EBOOK-ENHANCED-619x1024.jpg?resize=619%2C1024&#038;ssl=1\" alt=\"El secreto de Chopin (Spanish) 2023 - Cover (2-11-23) EBOOK- ENHANCED\" srcset=\"https:\/\/i0.wp.com\/xaviervidalworld.com\/wp-content\/uploads\/2023\/11\/CASINO-2-ESP-2023-Cover-2-11-23-EBOOK-ENHANCED.jpg?resize=619%2C1024&amp;ssl=1 619w, https:\/\/i0.wp.com\/xaviervidalworld.com\/wp-content\/uploads\/2023\/11\/CASINO-2-ESP-2023-Cover-2-11-23-EBOOK-ENHANCED.jpg?resize=181%2C300&amp;ssl=1 181w, https:\/\/i0.wp.com\/xaviervidalworld.com\/wp-content\/uploads\/2023\/11\/CASINO-2-ESP-2023-Cover-2-11-23-EBOOK-ENHANCED.jpg?resize=768%2C1270&amp;ssl=1 768w, https:\/\/i0.wp.com\/xaviervidalworld.com\/wp-content\/uploads\/2023\/11\/CASINO-2-ESP-2023-Cover-2-11-23-EBOOK-ENHANCED.jpg?resize=929%2C1536&amp;ssl=1 929w, https:\/\/i0.wp.com\/xaviervidalworld.com\/wp-content\/uploads\/2023\/11\/CASINO-2-ESP-2023-Cover-2-11-23-EBOOK-ENHANCED.jpg?resize=1239%2C2048&amp;ssl=1 1239w, https:\/\/i0.wp.com\/xaviervidalworld.com\/wp-content\/uploads\/2023\/11\/CASINO-2-ESP-2023-Cover-2-11-23-EBOOK-ENHANCED.jpg?w=1545&amp;ssl=1 1545w\" sizes=\"(max-width: 619px) 100vw, 619px\" \/>\t\t\t\t\t\t\t\t\t\t\t\t\t\t\t<\/p>\n<h4>LA LUCHA POR LA INDEPENDENCIA DE UN PUEBLO ES UNA LLAMA QUE JAM\u00c1S SE EXTINGUE<\/h4>\n<h4>Una trepidante aventura que te llevar\u00e1 al Palau de la M\u00fasica en Barcelona, joya del Modernismo catal\u00e1n, al centenario Monasterio de la Cartuja de Valldemossa en Mallorca, y a majestuosos escenarios de la geograf\u00eda mallorquina, como alguna de sus espectaculares cavernas y lagos subterr\u00e1neos.<\/h4>\n<h2>BREVE CONTEXTO HIST\u00d3RICO DE<br \/><b>&#8220;EL SECRETO DE CHOPIN&#8221;<\/b><\/h2>\n<h4>La Cartuja de Valldemossa est\u00e1 construida sobre un palacio real que data de 1309, y fue convertida en Monasterio en 1399. <\/h4>\n<h4>El pianista Fr\u00e9d\u00e9ric Chopin y su amante la escritora George Sand se hospedaron en una de las celdas de la Cartuja, donde pasaron el invierno de 1838-39.<\/h4>\n<h4>La lucha por la independencia de Polonia frente al dominio del Zar ruso, es el marco en que se desencadenan los acontecimientos que dan inicio a la novela. <\/h4>\n<h4>La &#8220;Gran Emigraci\u00f3n&#8221; fue el \u00e9xodo de intelectuales, escritores, m\u00fasicos, artistas y dem\u00e1s patriotas que abandonaron Polonia tras el fracaso del levantamiento de 1831 por la independencia frente a Rusia.<\/h4>\n<p>\t\t\t\t\t\t\t\t\t\t\t\t\t\t\t<img data-recalc-dims=\"1\" loading=\"lazy\" decoding=\"async\" width=\"247\" height=\"300\" src=\"https:\/\/i0.wp.com\/xaviervidalworld.com\/wp-content\/uploads\/2023\/10\/pexels-onur-yumlu-8042223.jpg?resize=247%2C300&#038;ssl=1\" alt=\"Carruaje de caballos\" srcset=\"https:\/\/i0.wp.com\/xaviervidalworld.com\/wp-content\/uploads\/2023\/10\/pexels-onur-yumlu-8042223-scaled.jpg?resize=247%2C300&amp;ssl=1 247w, https:\/\/i0.wp.com\/xaviervidalworld.com\/wp-content\/uploads\/2023\/10\/pexels-onur-yumlu-8042223-scaled.jpg?resize=842%2C1024&amp;ssl=1 842w, https:\/\/i0.wp.com\/xaviervidalworld.com\/wp-content\/uploads\/2023\/10\/pexels-onur-yumlu-8042223-scaled.jpg?resize=768%2C934&amp;ssl=1 768w, https:\/\/i0.wp.com\/xaviervidalworld.com\/wp-content\/uploads\/2023\/10\/pexels-onur-yumlu-8042223-scaled.jpg?resize=1263%2C1536&amp;ssl=1 1263w, https:\/\/i0.wp.com\/xaviervidalworld.com\/wp-content\/uploads\/2023\/10\/pexels-onur-yumlu-8042223-scaled.jpg?resize=1684%2C2048&amp;ssl=1 1684w, https:\/\/i0.wp.com\/xaviervidalworld.com\/wp-content\/uploads\/2023\/10\/pexels-onur-yumlu-8042223-scaled.jpg?w=2000&amp;ssl=1 2000w\" sizes=\"(max-width: 247px) 100vw, 247px\" \/>\t\t\t\t\t\t\t\t\t\t\t\t\t\t\t<\/p>\n<h3>Para In\u00e9s era el momento de comenzar una nueva etapa, de seguir viviendo, y para ello ten\u00eda que olvidar, aprender a vivir con ese vac\u00edo. No sab\u00eda si iba a ser capaz de ello, pero ten\u00eda que intentarlo. Ten\u00eda que olvidar a Morillo.<\/h3>\n<h5>Xavier Vidal<\/h5>\n<p>\t\t\t\t\t\t\t\t\t\t\t\t\t\t\t<img data-recalc-dims=\"1\" loading=\"lazy\" decoding=\"async\" width=\"150\" height=\"150\" src=\"https:\/\/i0.wp.com\/xaviervidalworld.com\/wp-content\/uploads\/2023\/10\/pexels-pixabay-164715.jpg?resize=150%2C150&#038;ssl=1\" alt=\"Teclado de piano.\" srcset=\"https:\/\/i0.wp.com\/xaviervidalworld.com\/wp-content\/uploads\/2023\/10\/pexels-pixabay-164715-scaled.jpg?resize=150%2C150&amp;ssl=1 150w, https:\/\/i0.wp.com\/xaviervidalworld.com\/wp-content\/uploads\/2023\/10\/pexels-pixabay-164715-scaled.jpg?zoom=2&amp;resize=150%2C150&amp;ssl=1 300w, https:\/\/i0.wp.com\/xaviervidalworld.com\/wp-content\/uploads\/2023\/10\/pexels-pixabay-164715-scaled.jpg?zoom=3&amp;resize=150%2C150&amp;ssl=1 450w\" sizes=\"(max-width: 150px) 100vw, 150px\" \/>\t\t\t\t\t\t\t\t\t\t\t\t\t\t\t<\/p>\n<h2>DESCUBRE EL LIBRO<\/h2>\n<p>Disponible en los principales distribuidores de libros.<\/p>\n<p>\t\t\t\t\t\t\t\t\t\t\t\t\t\t\t<img data-recalc-dims=\"1\" loading=\"lazy\" decoding=\"async\" width=\"1024\" height=\"582\" src=\"https:\/\/i0.wp.com\/xaviervidalworld.com\/wp-content\/uploads\/2023\/11\/CASINO-2-ESP-3D-BODEGON-22-11-23.png?resize=1024%2C582&#038;ssl=1\" alt=\"El secreto de Chopin (Spanish) 3D BODEGON (22-11-23)\" srcset=\"https:\/\/i0.wp.com\/xaviervidalworld.com\/wp-content\/uploads\/2023\/11\/CASINO-2-ESP-3D-BODEGON-22-11-23.png?resize=1024%2C582&amp;ssl=1 1024w, https:\/\/i0.wp.com\/xaviervidalworld.com\/wp-content\/uploads\/2023\/11\/CASINO-2-ESP-3D-BODEGON-22-11-23.png?resize=300%2C170&amp;ssl=1 300w, https:\/\/i0.wp.com\/xaviervidalworld.com\/wp-content\/uploads\/2023\/11\/CASINO-2-ESP-3D-BODEGON-22-11-23.png?resize=768%2C436&amp;ssl=1 768w, https:\/\/i0.wp.com\/xaviervidalworld.com\/wp-content\/uploads\/2023\/11\/CASINO-2-ESP-3D-BODEGON-22-11-23.png?resize=1536%2C873&amp;ssl=1 1536w, https:\/\/i0.wp.com\/xaviervidalworld.com\/wp-content\/uploads\/2023\/11\/CASINO-2-ESP-3D-BODEGON-22-11-23.png?resize=2048%2C1164&amp;ssl=1 2048w\" sizes=\"(max-width: 1024px) 100vw, 1024px\" \/>\t\t\t\t\t\t\t\t\t\t\t\t\t\t\t<\/p>\n<h4>E-Book &amp; Paperback<\/h4>\n<p>\t\t\t\t\t<a href=\"https:\/\/books2read.com\/u\/4DDYwr\"><br \/>\n\t\t\t\t\t\t\t\t\tORDER (English Edition)<br \/>\n\t\t\t\t\t<\/a><br \/>\n\t\t\t\t\t<a href=\"https:\/\/books2read.com\/u\/mVexMM\"><br \/>\n\t\t\t\t\t\t\t\t\tCOMPRAR (Edicion Espa\u00f1ola)<br \/>\n\t\t\t\t\t<\/a><\/p>\n<h2>\u00a9 Xavier Vidal 2026. TODOS LOS DERECHOS RESERVADOS.<\/h2>\n","protected":false},"excerpt":{"rendered":"<p>EL SECRETO DE CHOPIN \u00bfPudo el legendario compositor Chopin haber formado parte de una conspiraci\u00f3n secreta para salvar al mundo libre de la mayor amenaza de toda su milenaria historia? En 1913, Barcelona era una ciudad en plena agitaci\u00f3n social y cultural. Unos meses despu\u00e9s de la inexplicable desaparici\u00f3n del Subinspector Morillo en un misterioso [&hellip;]<\/p>\n","protected":false},"author":1,"featured_media":0,"parent":5101,"menu_order":0,"comment_status":"closed","ping_status":"closed","template":"","meta":{"om_disable_all_campaigns":false,"_monsterinsights_skip_tracking":false,"_monsterinsights_sitenote_active":false,"_monsterinsights_sitenote_note":"","_monsterinsights_sitenote_category":0,"site-sidebar-layout":"no-sidebar","site-content-layout":"page-builder","ast-site-content-layout":"full-width-container","site-content-style":"unboxed","site-sidebar-style":"unboxed","ast-global-header-display":"","ast-banner-title-visibility":"","ast-main-header-display":"","ast-hfb-above-header-display":"","ast-hfb-below-header-display":"","ast-hfb-mobile-header-display":"","site-post-title":"disabled","ast-breadcrumbs-content":"","ast-featured-img":"disabled","footer-sml-layout":"","theme-transparent-header-meta":"","adv-header-id-meta":"","stick-header-meta":"","header-above-stick-meta":"","header-main-stick-meta":"","header-below-stick-meta":"","astra-migrate-meta-layouts":"set","ast-page-background-enabled":"default","ast-page-background-meta":{"desktop":{"background-color":"","background-image":"","background-repeat":"repeat","background-position":"center center","background-size":"auto","background-attachment":"scroll","background-type":"","background-media":"","overlay-type":"","overlay-color":"","overlay-opacity":"","overlay-gradient":""},"tablet":{"background-color":"","background-image":"","background-repeat":"repeat","background-position":"center center","background-size":"auto","background-attachment":"scroll","background-type":"","background-media":"","overlay-type":"","overlay-color":"","overlay-opacity":"","overlay-gradient":""},"mobile":{"background-color":"","background-image":"","background-repeat":"repeat","background-position":"center center","background-size":"auto","background-attachment":"scroll","background-type":"","background-media":"","overlay-type":"","overlay-color":"","overlay-opacity":"","overlay-gradient":""}},"ast-content-background-meta":{"desktop":{"background-color":"var(--ast-global-color-5)","background-image":"","background-repeat":"repeat","background-position":"center center","background-size":"auto","background-attachment":"scroll","background-type":"","background-media":"","overlay-type":"","overlay-color":"","overlay-opacity":"","overlay-gradient":""},"tablet":{"background-color":"var(--ast-global-color-5)","background-image":"","background-repeat":"repeat","background-position":"center center","background-size":"auto","background-attachment":"scroll","background-type":"","background-media":"","overlay-type":"","overlay-color":"","overlay-opacity":"","overlay-gradient":""},"mobile":{"background-color":"var(--ast-global-color-5)","background-image":"","background-repeat":"repeat","background-position":"center center","background-size":"auto","background-attachment":"scroll","background-type":"","background-media":"","overlay-type":"","overlay-color":"","overlay-opacity":"","overlay-gradient":""}},"footnotes":""},"class_list":["post-6603","page","type-page","status-publish","hentry"],"aioseo_notices":[],"jetpack_sharing_enabled":true,"_links":{"self":[{"href":"https:\/\/xaviervidalworld.com\/index.php?rest_route=\/wp\/v2\/pages\/6603","targetHints":{"allow":["GET"]}}],"collection":[{"href":"https:\/\/xaviervidalworld.com\/index.php?rest_route=\/wp\/v2\/pages"}],"about":[{"href":"https:\/\/xaviervidalworld.com\/index.php?rest_route=\/wp\/v2\/types\/page"}],"author":[{"embeddable":true,"href":"https:\/\/xaviervidalworld.com\/index.php?rest_route=\/wp\/v2\/users\/1"}],"replies":[{"embeddable":true,"href":"https:\/\/xaviervidalworld.com\/index.php?rest_route=%2Fwp%2Fv2%2Fcomments&post=6603"}],"version-history":[{"count":265,"href":"https:\/\/xaviervidalworld.com\/index.php?rest_route=\/wp\/v2\/pages\/6603\/revisions"}],"predecessor-version":[{"id":9642,"href":"https:\/\/xaviervidalworld.com\/index.php?rest_route=\/wp\/v2\/pages\/6603\/revisions\/9642"}],"up":[{"embeddable":true,"href":"https:\/\/xaviervidalworld.com\/index.php?rest_route=\/wp\/v2\/pages\/5101"}],"wp:attachment":[{"href":"https:\/\/xaviervidalworld.com\/index.php?rest_route=%2Fwp%2Fv2%2Fmedia&parent=6603"}],"curies":[{"name":"wp","href":"https:\/\/api.w.org\/{rel}","templated":true}]}}